{"id":156,"date":"2014-09-11T13:08:06","date_gmt":"2014-09-11T17:08:06","guid":{"rendered":"http:\/\/demo.themesuite.com\/automotive-wp\/?page_id=156"},"modified":"2026-02-04T18:35:46","modified_gmt":"2026-02-04T18:35:46","slug":"kontakt","status":"publish","type":"page","link":"https:\/\/nahkur.com\/en\/kontakt\/","title":{"rendered":"Contact Us"},"content":{"rendered":"[vc_row el_class=&#8221;margin-bottom-none margin-top-30&#8243;][vc_column width=&#8221;1\/2&#8243; el_class=&#8221;margin-bottom-40&#8243;][vc_column_text]\n<h3>CONTACTS<\/h3>\n[\/vc_column_text][vc_column_text]<strong>Nahkur\u00a0O\u00dc<\/strong><br \/>\n<strong>Reg. nr<\/strong> 12339198<br \/>\n<strong>Address:<\/strong> R\u00e4pina mnt 12, V\u00f5ru linn &#8211;\u00a0we are located on second floor<\/p>\n<p><em><strong>SERVICES<\/strong><\/em><br \/>\nSvea Joamets<br \/>\nPhone: +372 50 49 764<br \/>\nE-mail: <a href=\"mailto:info@nahkur.com\">info@nahkur.com<\/a><\/p>\n<p><em><strong>SALES<\/strong><\/em><br \/>\nRenaldo Joamets<br \/>\nPhone: +372 58 133 760<br \/>\nE-mail: <a href=\"mailto:renaldo@nahkur.com\">renaldo@nahkur.com<\/a>[\/vc_column_text][\/vc_column][vc_column width=&#8221;1\/2&#8243;][vc_column_text]\n<h3>CONTACT US<\/h3>\n[\/vc_column_text]<fieldset id=\"contact_form\" class=\"form_contact \">\r\n\t\t            <div class=\"contact_result\"><\/div>\r\n\t                <input type=\"text\" name=\"name\" class=\"form-control margin-bottom-25\" placeholder=\" Name (required)\" \/>\r\n\t                <input type=\"email\" name=\"email\" class=\"form-control margin-bottom-25\" placeholder=\"E-mail (required)\" \/>\r\n\t                <textarea name=\"message\" class=\"form-control margin-bottom-25 contact_textarea\" placeholder=\"Message\" rows=\"7\"><\/textarea>\r\n\t                <input id=\"submit_btn\" class=\"submit_contact_form\" type=\"submit\" value=\"Send\">\r\n\t            <\/fieldset>[\/vc_column][\/vc_row][vc_row el_class=&#8221;margin-bottom-none padding-bottom-40&#8243;][vc_column][vc_column_text]\n<h3>LOCATION MAP<\/h3>\n[\/vc_column_text]<div class='contact google_map_init ' data-longitude='27.016450' data-latitude='57.843131' data-zoom='15' style='height: 390px;' data-scroll='false'><\/div>[\/vc_column][\/vc_row]","protected":false},"excerpt":{"rendered":"<p>[vc_row el_class=&#8221;margin-bottom-none margin-top-30&#8243;][vc_column width=&#8221;1\/2&#8243; el_class=&#8221;margin-bottom-40&#8243;][vc_column_text] CONTACTS [\/vc_column_text][vc_column_text]<strong>Nahkur\u00a0O\u00dc<\/strong><br \/> <strong>Reg. nr<\/strong> 12339198<br \/> <strong>Address:<\/strong> R\u00e4pina mnt 12, V\u00f5ru linn &#8211;\u00a0we are located on second floor <\/p>\n<p><em><strong>SERVICES<\/strong><\/em><br \/> Svea Joamets<br \/> Phone: +372 50 49 764<br \/> E-mail: info@nahkur.com<\/p>\n<p><em><strong>SALES<\/strong><\/em><br \/> Renaldo Joamets<br \/> Phone: +372 58 133 760<br \/> E-mail: renaldo@nahkur.com[\/vc_column_text][\/vc_column][vc_column width=&#8221;1\/2&#8243;][vc_column_text] CONTACT US [\/vc_column_text][\/vc_column][\/vc_row][vc_row el_class=&#8221;margin-bottom-none padding-bottom-40&#8243;][vc_column][vc_column_text] LOCATION MAP [\/vc_column_text][\/vc_column][\/vc_row]<\/p>\n","protected":false},"author":1,"featured_media":0,"parent":0,"menu_order":0,"comment_status":"closed","ping_status":"closed","template":"","meta":{"om_disable_all_campaigns":false,"_monsterinsights_skip_tracking":false,"_monsterinsights_sitenote_active":false,"_monsterinsights_sitenote_note":"","_monsterinsights_sitenote_category":0,"footnotes":""},"aioseo_notices":[],"yoast_head":"<!-- This site is optimized with the Yoast SEO plugin v22.9 - https:\/\/yoast.com\/wordpress\/plugins\/seo\/ -->\n<title>Nahkur - m\u00f6\u00f6bli, autokanga, naha ja sameti tellimine<\/title>\n<meta name=\"description\" content=\"Nahkur O\u00dc - nahksisu, naturaalnahk, kunstnahk ja kangad. Telefon: +372 50 49 764, E-mail: info(at)nahkur.com\" \/>\n<meta name=\"robots\" content=\"index, follow, max-snippet:-1, max-image-preview:large, max-video-preview:-1\" \/>\n<link rel=\"canonical\" href=\"http:\/\/www.nahkur.com\/kontakt\/\" \/>\n<meta property=\"og:locale\" content=\"en_US\" \/>\n<meta property=\"og:type\" content=\"article\" \/>\n<meta property=\"og:title\" content=\"Nahkur - m\u00f6\u00f6bli, autokanga, naha ja sameti tellimine\" \/>\n<meta property=\"og:description\" content=\"Nahkur O\u00dc - nahksisu, naturaalnahk, kunstnahk ja kangad. Telefon: +372 50 49 764, E-mail: info(at)nahkur.com\" \/>\n<meta property=\"og:url\" content=\"http:\/\/www.nahkur.com\/kontakt\/\" \/>\n<meta property=\"og:site_name\" content=\"Nahkur\" \/>\n<meta property=\"article:publisher\" content=\"https:\/\/www.facebook.com\/nahkurcom\" \/>\n<meta property=\"article:modified_time\" content=\"2026-02-04T18:35:46+00:00\" \/>\n<meta property=\"og:image\" content=\"https:\/\/nahkur.com\/wp-content\/uploads\/2015\/12\/nahkur-main-slider.jpg\" \/>\n\t<meta property=\"og:image:width\" content=\"2000\" \/>\n\t<meta property=\"og:image:height\" content=\"625\" \/>\n\t<meta property=\"og:image:type\" content=\"image\/jpeg\" \/>\n<meta name=\"twitter:card\" content=\"summary_large_image\" \/>\n<meta name=\"twitter:label1\" content=\"Est. reading time\" \/>\n\t<meta name=\"twitter:data1\" content=\"1 minute\" \/>\n<script type=\"application\/ld+json\" class=\"yoast-schema-graph\">{\"@context\":\"https:\/\/schema.org\",\"@graph\":[{\"@type\":\"WebPage\",\"@id\":\"http:\/\/www.nahkur.com\/kontakt\/\",\"url\":\"http:\/\/www.nahkur.com\/kontakt\/\",\"name\":\"Nahkur - m\u00f6\u00f6bli, autokanga, naha ja sameti tellimine\",\"isPartOf\":{\"@id\":\"http:\/\/www.nahkur.com\/#website\"},\"datePublished\":\"2014-09-11T17:08:06+00:00\",\"dateModified\":\"2026-02-04T18:35:46+00:00\",\"description\":\"Nahkur O\u00dc - nahksisu, naturaalnahk, kunstnahk ja kangad. Telefon: +372 50 49 764, E-mail: info(at)nahkur.com\",\"breadcrumb\":{\"@id\":\"http:\/\/www.nahkur.com\/kontakt\/#breadcrumb\"},\"inLanguage\":\"en-US\",\"potentialAction\":[{\"@type\":\"ReadAction\",\"target\":[\"http:\/\/www.nahkur.com\/kontakt\/\"]}]},{\"@type\":\"BreadcrumbList\",\"@id\":\"http:\/\/www.nahkur.com\/kontakt\/#breadcrumb\",\"itemListElement\":[{\"@type\":\"ListItem\",\"position\":1,\"name\":\"Home\",\"item\":\"http:\/\/www.nahkur.com\/\"},{\"@type\":\"ListItem\",\"position\":2,\"name\":\"Kontakt\"}]},{\"@type\":\"WebSite\",\"@id\":\"http:\/\/www.nahkur.com\/#website\",\"url\":\"http:\/\/www.nahkur.com\/\",\"name\":\"Nahkur - Sadulsepa, polsterdus- ja \u00f5mblust\u00f6\u00f6d\",\"description\":\"Auto nahksisu, polsterdust\u00f6\u00f6d ja \u00f5mblust\u00f6\u00f6d\",\"publisher\":{\"@id\":\"http:\/\/www.nahkur.com\/#organization\"},\"potentialAction\":[{\"@type\":\"SearchAction\",\"target\":{\"@type\":\"EntryPoint\",\"urlTemplate\":\"http:\/\/www.nahkur.com\/?s={search_term_string}\"},\"query-input\":\"required name=search_term_string\"}],\"inLanguage\":\"en-US\"},{\"@type\":\"Organization\",\"@id\":\"http:\/\/www.nahkur.com\/#organization\",\"name\":\"Nahkur O\u00dc - Kanga ja naha m\u00fc\u00fck - auto nahksisu\",\"alternateName\":\"Nahkur O\u00dc\",\"url\":\"http:\/\/www.nahkur.com\/\",\"logo\":{\"@type\":\"ImageObject\",\"inLanguage\":\"en-US\",\"@id\":\"http:\/\/www.nahkur.com\/#\/schema\/logo\/image\/\",\"url\":\"https:\/\/www.nahkur.com\/wp-content\/uploads\/2018\/08\/logo.png\",\"contentUrl\":\"https:\/\/www.nahkur.com\/wp-content\/uploads\/2018\/08\/logo.png\",\"width\":154,\"height\":91,\"caption\":\"Nahkur O\u00dc - Kanga ja naha m\u00fc\u00fck - auto nahksisu\"},\"image\":{\"@id\":\"http:\/\/www.nahkur.com\/#\/schema\/logo\/image\/\"},\"sameAs\":[\"https:\/\/www.facebook.com\/nahkurcom\"]}]}<\/script>\n<!-- \/ Yoast SEO plugin. -->","yoast_head_json":{"title":"Nahkur - m\u00f6\u00f6bli, autokanga, naha ja sameti tellimine","description":"Nahkur O\u00dc - nahksisu, naturaalnahk, kunstnahk ja kangad. Telefon: +372 50 49 764, E-mail: info(at)nahkur.com","robots":{"index":"index","follow":"follow","max-snippet":"max-snippet:-1","max-image-preview":"max-image-preview:large","max-video-preview":"max-video-preview:-1"},"canonical":"http:\/\/www.nahkur.com\/kontakt\/","og_locale":"en_US","og_type":"article","og_title":"Nahkur - m\u00f6\u00f6bli, autokanga, naha ja sameti tellimine","og_description":"Nahkur O\u00dc - nahksisu, naturaalnahk, kunstnahk ja kangad. Telefon: +372 50 49 764, E-mail: info(at)nahkur.com","og_url":"http:\/\/www.nahkur.com\/kontakt\/","og_site_name":"Nahkur","article_publisher":"https:\/\/www.facebook.com\/nahkurcom","article_modified_time":"2026-02-04T18:35:46+00:00","og_image":[{"width":2000,"height":625,"url":"https:\/\/nahkur.com\/wp-content\/uploads\/2015\/12\/nahkur-main-slider.jpg","type":"image\/jpeg"}],"twitter_card":"summary_large_image","twitter_misc":{"Est. reading time":"1 minute"},"schema":{"@context":"https:\/\/schema.org","@graph":[{"@type":"WebPage","@id":"http:\/\/www.nahkur.com\/kontakt\/","url":"http:\/\/www.nahkur.com\/kontakt\/","name":"Nahkur - m\u00f6\u00f6bli, autokanga, naha ja sameti tellimine","isPartOf":{"@id":"http:\/\/www.nahkur.com\/#website"},"datePublished":"2014-09-11T17:08:06+00:00","dateModified":"2026-02-04T18:35:46+00:00","description":"Nahkur O\u00dc - nahksisu, naturaalnahk, kunstnahk ja kangad. Telefon: +372 50 49 764, E-mail: info(at)nahkur.com","breadcrumb":{"@id":"http:\/\/www.nahkur.com\/kontakt\/#breadcrumb"},"inLanguage":"en-US","potentialAction":[{"@type":"ReadAction","target":["http:\/\/www.nahkur.com\/kontakt\/"]}]},{"@type":"BreadcrumbList","@id":"http:\/\/www.nahkur.com\/kontakt\/#breadcrumb","itemListElement":[{"@type":"ListItem","position":1,"name":"Home","item":"http:\/\/www.nahkur.com\/"},{"@type":"ListItem","position":2,"name":"Kontakt"}]},{"@type":"WebSite","@id":"http:\/\/www.nahkur.com\/#website","url":"http:\/\/www.nahkur.com\/","name":"Nahkur - Sadulsepa, polsterdus- ja \u00f5mblust\u00f6\u00f6d","description":"Auto nahksisu, polsterdust\u00f6\u00f6d ja \u00f5mblust\u00f6\u00f6d","publisher":{"@id":"http:\/\/www.nahkur.com\/#organization"},"potentialAction":[{"@type":"SearchAction","target":{"@type":"EntryPoint","urlTemplate":"http:\/\/www.nahkur.com\/?s={search_term_string}"},"query-input":"required name=search_term_string"}],"inLanguage":"en-US"},{"@type":"Organization","@id":"http:\/\/www.nahkur.com\/#organization","name":"Nahkur O\u00dc - Kanga ja naha m\u00fc\u00fck - auto nahksisu","alternateName":"Nahkur O\u00dc","url":"http:\/\/www.nahkur.com\/","logo":{"@type":"ImageObject","inLanguage":"en-US","@id":"http:\/\/www.nahkur.com\/#\/schema\/logo\/image\/","url":"https:\/\/www.nahkur.com\/wp-content\/uploads\/2018\/08\/logo.png","contentUrl":"https:\/\/www.nahkur.com\/wp-content\/uploads\/2018\/08\/logo.png","width":154,"height":91,"caption":"Nahkur O\u00dc - Kanga ja naha m\u00fc\u00fck - auto nahksisu"},"image":{"@id":"http:\/\/www.nahkur.com\/#\/schema\/logo\/image\/"},"sameAs":["https:\/\/www.facebook.com\/nahkurcom"]}]}},"_links":{"self":[{"href":"https:\/\/nahkur.com\/en\/wp-json\/wp\/v2\/pages\/156"}],"collection":[{"href":"https:\/\/nahkur.com\/en\/wp-json\/wp\/v2\/pages"}],"about":[{"href":"https:\/\/nahkur.com\/en\/wp-json\/wp\/v2\/types\/page"}],"author":[{"embeddable":true,"href":"https:\/\/nahkur.com\/en\/wp-json\/wp\/v2\/users\/1"}],"replies":[{"embeddable":true,"href":"https:\/\/nahkur.com\/en\/wp-json\/wp\/v2\/comments?post=156"}],"version-history":[{"count":5,"href":"https:\/\/nahkur.com\/en\/wp-json\/wp\/v2\/pages\/156\/revisions"}],"predecessor-version":[{"id":1776,"href":"https:\/\/nahkur.com\/en\/wp-json\/wp\/v2\/pages\/156\/revisions\/1776"}],"wp:attachment":[{"href":"https:\/\/nahkur.com\/en\/wp-json\/wp\/v2\/media?parent=156"}],"curies":[{"name":"wp","href":"https:\/\/api.w.org\/{rel}","templated":true}]}}